{"id":34138,"date":"2020-10-25T12:19:11","date_gmt":"2020-10-25T16:19:11","guid":{"rendered":"https:\/\/vwp.ca\/canoe-adventures\/"},"modified":"2025-03-10T16:55:28","modified_gmt":"2025-03-10T20:55:28","slug":"canoe-adventures","status":"publish","type":"page","link":"https:\/\/staging.vwp.ca\/fr\/canoe-adventures\/","title":{"rendered":"Forfaits &#038; s\u00e9jours"},"content":{"rendered":"<h1>\r\n\t\tEscapades en canot et \u00e9quipement dans l&rsquo;arri\u00e8re pays de Quetico\r\n\t<\/h1>\r\n\t<p>Depuis plus de 65 ans, Voyageur Wilderness offre des services de location partielle ou compl\u00e8te d&rsquo;\u00e9quipement, de m\u00eame que d&rsquo;authentiques aventures, \u00e0 partir du Voyageur Island lodge situ\u00e9 sur le lac Nym.<\/p>\r\n<p>Tous nos aventures de s\u00e9jours et forfaits de canot dans l&rsquo;arri\u00e8re-pays d\u00e9butent et se terminent dans le confort rustique du Voyageur Island Lodge. Apprenez quelles sont les meilleures pratiques de canot et camping en arri\u00e8re-pays et laissez-nous vous procurer le mat\u00e9riel, l&rsquo;\u00e9quipement et les repas dont vous aurez besoin pour une aventure responsable, s\u00e9curitaire et inoubliable.<\/p>\r\n<p>Afin de vous aider \u00e0 choisir une aventure qui vous convienne, nous avons soigneusement \u00e9valu\u00e9 et planifi\u00e9 chaque trajet en canot en fonction de leur degr\u00e9 de difficult\u00e9. Choisissez entre facile, classique, exigeant et difficile.<\/p>\r\n<h2>\r\n\t\tTrouvez une aventure en canot con\u00e7ue pour vous!\r\n\t<\/h2>\r\n<h3>\r\n\t\tAventure familiale classique Quetico, canot &#038; lodge\r\n\t<\/h3>\r\n\t<p>Ce forfait tout-inclus de 5 jours de lodge, canot et camping dans l&rsquo;arri\u00e8re-pays pu parc est parfait pour les familles actives. Parents et enfants appr\u00e9cieront de pouvoir payager, se baigner, p\u00eacher et d\u00e9couvrir les merveilles de la nature de Quetico. Partagez vos histoires autour d&rsquo;un bon feu de camp.<\/p>\r\n\t\t\t<a href=\"#form-contact\" target=\"_self\">\r\n\t\t\t\t\t\t\tContactez-nous pour plus de d\u00e9tails\r\n\t\t\t<\/a>\r\n<h3>\r\n\t\tD\u00e9couvrez Quetico, canot &#038; lodge\r\n\t<\/h3>\r\n\t<p>Ce forfait tout-inclus de 7 jours de lodge, canot et camping dans l&rsquo;arriere-pays du parc vous plongera dans l&rsquo;authentique culture canadienne du canot. Venez vous plonger dans l&rsquo;authentique culture canadienne du canot. Nos experts locaux partageront avec vous leur connaissance et leur perspicacit\u00e9 de cette r\u00e9gion particuli\u00e8re. Les vacances parfaites pour renouveler votre \u00e9nergie, acqu\u00e9rir des connaissances culturelles et savourer de pr\u00e9cieux moments de r\u00e9flexion.<\/p>\r\n\t\t\t<a href=\"#form-contact\" target=\"_self\">\r\n\t\t\t\t\t\t\tContactez-nous pour plus de d\u00e9tails\r\n\t\t\t<\/a>\r\n<h3>\r\n\t\tEn quete de Quetico, canot &#038; lodge\r\n\t<\/h3>\r\n\t<p>Ce forfait tout compris de 8 jours avec lodge, canot et camping dans l&rsquo;arriere-pays vous emm\u00e8nera dans des endroits magiques. Cette aventure vous met au d\u00e9fi de pagayer et portager au coeur des r\u00e9gions sauvages de Quetico, vers une s\u00e9rie de chutes majestueuses et spectaculaires. Niveau exigeant \u00e0 difficile en fonction de l&rsquo;itin\u00e9raire dans l&rsquo;arri\u00e8re-pays s\u00e9lectionn\u00e9.<\/p>\r\n\t\t\t<a href=\"#form-contact\" target=\"_self\">\r\n\t\t\t\t\t\t\tContactez-nous pour plus de d\u00e9tails\r\n\t\t\t<\/a>\r\n<h3>\r\n\t\tVenez revivre l&rsquo;exp\u00e9rience Quetico\r\n\t<\/h3>\r\n\t<p>Ce forfait tout compris de 9 jours avec lodge, canot et camping dans l&rsquo;arriere-pays est parfait pour les anciens \u00e9l\u00e8ves ou ceux qui participent \u00e0 des voyages de groupe avec Voyageur Wilderness Programme! Vous nous avez dit que vous ch\u00e9rissez ces souvenirs, ces comp\u00e9tences et ces liens \u00e9ternels avec les autres et votre connexion \u00e0 la nature. Cette aventure c\u00e9l\u00e8bre votre retour \u00e0 ces connexions une fois de plus!<\/p>\r\n\t\t\t<a href=\"#form-contact\" target=\"_self\">\r\n\t\t\t\t\t\t\tContactez-nous pour plus de d\u00e9tails\r\n\t\t\t<\/a>\r\n\t\t\t\t<a\r\n\t\t\thref=\"https:\/\/staging.vwp.ca\/wp-content\/uploads\/2020\/10\/Voyageur-Wilderness-Programme-COUPLES-027-2558-1100x825.jpg\"\r\n\t\t\t\t\t\tdata-fancybox=\"images\" \r\n\t\t\ttitle=\"ONTARIO TOURISM 2013 VOYAGEUR WILDERNESS PROGRAM SHOOT\" \r\n\t\t\t\t\t\tdata-caption=\"LOCATION: QUETICO PROVINCIAL PARK\"\r\n\t\t\t\t\t\tdata-description=\"\" \r\n\t\t\titemprop=\"contentUrl\">\r\n\t\t\t<img decoding=\"async\" src=\"https:\/\/staging.vwp.ca\/wp-content\/uploads\/2020\/10\/Voyageur-Wilderness-Programme-COUPLES-027-2558-800x600.jpg\" alt=\"\" data-no-lazy=\"1\" itemprop=\"thumbnail\" width=\"800\" height=\"600\" \/>\r\n\t\t\t<!-- Overlay Wrapper -->\r\n\t\t\t <!-- Overlay Wrapper Closed -->\r\n\t\t\t\t<\/a>\r\n\t\t\t\t\t\t\t<meta itemprop=\"width\" content=\"800\" \/>\r\n\t\t\t<meta itemprop=\"height\" content=\"600\" \/>\r\n\t\t\t\t<a\r\n\t\t\thref=\"https:\/\/staging.vwp.ca\/wp-content\/uploads\/2020\/10\/Voyageur-Wilderness-Programme-FAMILY-064-1344-1-1100x825.jpg\"\r\n\t\t\t\t\t\tdata-fancybox=\"images\" \r\n\t\t\ttitle=\"ONTARIO TOURISM 2013 VOYAGEUR WILDERNESS PROGRAM SHOOT\" \r\n\t\t\t\t\t\tdata-caption=\"LOCATION: QUETICO PROVINCIAL PARK\"\r\n\t\t\t\t\t\tdata-description=\"\" \r\n\t\t\titemprop=\"contentUrl\">\r\n\t\t\t<img decoding=\"async\" src=\"https:\/\/staging.vwp.ca\/wp-content\/uploads\/2020\/10\/Voyageur-Wilderness-Programme-FAMILY-064-1344-1-800x600.jpg\" alt=\"\" data-no-lazy=\"1\" itemprop=\"thumbnail\" width=\"800\" height=\"600\" \/>\r\n\t\t\t<!-- Overlay Wrapper -->\r\n\t\t\t <!-- Overlay Wrapper Closed -->\r\n\t\t\t\t<\/a>\r\n\t\t\t\t\t\t\t<meta itemprop=\"width\" content=\"800\" \/>\r\n\t\t\t<meta itemprop=\"height\" content=\"600\" \/>\r\n\t\t\t\t<a\r\n\t\t\thref=\"https:\/\/staging.vwp.ca\/wp-content\/uploads\/2020\/10\/Voyageur-Wilderness-Programme-COUPLES-051-3904-1100x825.jpg\"\r\n\t\t\t\t\t\tdata-fancybox=\"images\" \r\n\t\t\ttitle=\"ONTARIO TOURISM 2013 VOYAGEUR WILDERNESS PROGRAM SHOOT\" \r\n\t\t\t\t\t\tdata-caption=\"LOCATION: QUETICO PROVINCIAL PARK\"\r\n\t\t\t\t\t\tdata-description=\"\" \r\n\t\t\titemprop=\"contentUrl\">\r\n\t\t\t<img decoding=\"async\" src=\"https:\/\/staging.vwp.ca\/wp-content\/uploads\/2020\/10\/Voyageur-Wilderness-Programme-COUPLES-051-3904-800x600.jpg\" alt=\"\" data-no-lazy=\"1\" itemprop=\"thumbnail\" width=\"800\" height=\"600\" \/>\r\n\t\t\t<!-- Overlay Wrapper -->\r\n\t\t\t <!-- Overlay Wrapper Closed -->\r\n\t\t\t\t<\/a>\r\n\t\t\t\t\t\t\t<meta itemprop=\"width\" content=\"800\" \/>\r\n\t\t\t<meta itemprop=\"height\" content=\"600\" \/>\r\n\t\t\t\t<a\r\n\t\t\thref=\"https:\/\/staging.vwp.ca\/wp-content\/uploads\/2020\/10\/Voyageur-Wilderness-Programme-COUPLES-105-5248-1-1100x825.jpg\"\r\n\t\t\t\t\t\tdata-fancybox=\"images\" \r\n\t\t\ttitle=\"ONTARIO TOURISM 2013 VOYAGEUR WILDERNESS PROGRAM SHOOT\" \r\n\t\t\t\t\t\tdata-caption=\"LOCATION: QUETICO PROVINCIAL PARK\"\r\n\t\t\t\t\t\tdata-description=\"\" \r\n\t\t\titemprop=\"contentUrl\">\r\n\t\t\t<img decoding=\"async\" src=\"https:\/\/staging.vwp.ca\/wp-content\/uploads\/2020\/10\/Voyageur-Wilderness-Programme-COUPLES-105-5248-1-800x600.jpg\" alt=\"\" data-no-lazy=\"1\" itemprop=\"thumbnail\" width=\"800\" height=\"600\" \/>\r\n\t\t\t<!-- Overlay Wrapper -->\r\n\t\t\t <!-- Overlay Wrapper Closed -->\r\n\t\t\t\t<\/a>\r\n\t\t\t\t\t\t\t<meta itemprop=\"width\" content=\"800\" \/>\r\n\t\t\t<meta itemprop=\"height\" content=\"600\" \/>\r\n\t\t\t\t<img decoding=\"async\" src=\"https:\/\/staging.vwp.ca\/wp-content\/uploads\/2020\/10\/Graphic_Canoe_White.png\" alt=\"Graphic Canoe White\" itemprop=\"image\" height=\"340\" width=\"926\" title=\"Graphic Canoe White\" onerror=\"this.style.display='none'\"  \/>\r\n<h2>\r\n\t\tInformation et r\u00e9servation<br \/>\r\n\t<\/h2>\r\n\t\t\t<a href=\"tel:+18075972450\" target=\"_self\">\r\n\t\t\t\t\t\t+1-807-597-2450\r\n\t\t\t\t\t<\/a>\r\n                <form method='post' enctype='multipart\/form-data'  id='gform_2'  action='\/fr\/?page_id=34138&#038;fl_builder#gf_2' data-formid='2' novalidate>\r\n                        <ul id='gform_fields_2' class='gform_fields top_label form_sublabel_below description_above validation_below'><li id=\"field_2_1\"  data-js-reload=\"field_2_1\"><label class='gfield_label gform-field-label gfield_label_before_complex'>Name*<\/label>\r\n                                                    <input type='text' name='input_1.3' id='input_2_1_3' value='' tabindex='101'  aria-required='true'   placeholder='Pr\u00e9nom *'  \/>\r\n                                                    <label for='input_2_1_3' class='gform-field-label gform-field-label--type-sub '>Pr\u00e9nom<\/label>\r\n                                                    <input type='text' name='input_1.6' id='input_2_1_6' value='' tabindex='103'  aria-required='true'   placeholder='Nom *'  \/>\r\n                                                    <label for='input_2_1_6' class='gform-field-label gform-field-label--type-sub '>Nom<\/label>\r\n                        <\/li><li id=\"field_2_2\"  data-js-reload=\"field_2_2\"><label class='gfield_label gform-field-label' for='input_2_2'>E-mail*<\/label>\r\n                            <input name='input_2' id='input_2_2' type='email' value='' class='medium' tabindex='105'  placeholder='Courriel *' aria-required=\"true\" aria-invalid=\"false\"  \/>\r\n                        <\/li><li id=\"field_2_4\"  data-js-reload=\"field_2_4\"><label class='gfield_label gform-field-label' for='input_2_4'>Phone Number*<\/label><input name='input_4' id='input_2_4' type='text' value='' class='medium'   tabindex='106' placeholder='T\u00e9l\u00e9phone *' aria-required=\"true\" aria-invalid=\"false\"   \/><\/li><li id=\"field_2_9\"  data-js-reload=\"field_2_9\"><label class='gfield_label gform-field-label' for='input_2_9'>Arrival Date<\/label>\r\n                            <input name='input_9' id='input_2_9' type='text' value='' class='datepicker gform-datepicker mdy datepicker_no_icon gdatepicker-no-icon' tabindex='107'  placeholder='Date d'arriv\u00e9e' aria-describedby=\"input_2_9_date_format\" aria-invalid=\"false\" \/>\r\n                            MM slash JJ slash AAAA\r\n                        <input type='hidden' id='gforms_calendar_icon_input_2_9' class='gform_hidden' value='https:\/\/staging.vwp.ca\/wp-content\/plugins\/gravityforms\/images\/datepicker\/datepicker.svg'\/><\/li><li id=\"field_2_12\"  data-js-reload=\"field_2_12\"><label class='gfield_label gform-field-label' for='input_2_12'>Departure Date<\/label>\r\n                            <input name='input_12' id='input_2_12' type='text' value='' class='datepicker gform-datepicker mdy datepicker_no_icon gdatepicker-no-icon' tabindex='108'  placeholder='Date de d\u00e9part' aria-describedby=\"input_2_12_date_format\" aria-invalid=\"false\" \/>\r\n                            MM slash JJ slash AAAA\r\n                        <input type='hidden' id='gforms_calendar_icon_input_2_12' class='gform_hidden' value='https:\/\/staging.vwp.ca\/wp-content\/plugins\/gravityforms\/images\/datepicker\/datepicker.svg'\/><\/li><li id=\"field_2_10\"  data-js-reload=\"field_2_10\"><label class='gfield_label gform-field-label' for='input_2_10'>Number of Adults<\/label><input name='input_10' id='input_2_10' type='text' value='' class='medium'   tabindex='109' placeholder='Nombre d'adultes'  aria-invalid=\"false\"   \/><\/li><li id=\"field_2_13\"  data-js-reload=\"field_2_13\"><label class='gfield_label gform-field-label' for='input_2_13'>Number of Children<\/label><input name='input_13' id='input_2_13' type='text' value='' class='medium'   tabindex='110' placeholder='Nombre d'enfants'  aria-invalid=\"false\"   \/><\/li><li id=\"field_2_15\"  data-js-reload=\"field_2_15\"><label class='gfield_label gform-field-label'>J&#039;aimerais \u00eatre contact\u00e9 par*<\/label><ul class='gfield_radio' id='input_2_15'>\r\n\t\t\t<li class='gchoice gchoice_2_15_0'>\r\n\t\t\t\t<input name='input_15' type='radio' value='T\u00e9l\u00e9phone'  id='choice_2_15_0' tabindex='111'   \/>\r\n\t\t\t\t<label for='choice_2_15_0' id='label_2_15_0' class='gform-field-label gform-field-label--type-inline'>T\u00e9l\u00e9phone<\/label>\r\n\t\t\t<\/li>\r\n\t\t\t<li class='gchoice gchoice_2_15_1'>\r\n\t\t\t\t<input name='input_15' type='radio' value='Courriel'  id='choice_2_15_1' tabindex='112'   \/>\r\n\t\t\t\t<label for='choice_2_15_1' id='label_2_15_1' class='gform-field-label gform-field-label--type-inline'>Courriel<\/label>\r\n\t\t\t<\/li><\/ul><\/li><li id=\"field_2_14\"  data-js-reload=\"field_2_14\"><label class='gfield_label gform-field-label gfield_label_before_complex'>Demandes suppl\u00e9mentaires<\/label><ul class='gfield_checkbox' id='input_2_14'><li class='gchoice gchoice_2_14_1'>\r\n\t\t\t\t\t\t\t\t<input class='gfield-choice-input' name='input_14.1' type='checkbox'  value='Oui, j'aurai besoin de canots et de mat\u00e9riel'  id='choice_2_14_1' tabindex='113'  \/>\r\n\t\t\t\t\t\t\t\t<label for='choice_2_14_1' id='label_2_14_1' class='gform-field-label gform-field-label--type-inline'>Oui, j&rsquo;aurai besoin de canots et de mat\u00e9riel<\/label>\r\n\t\t\t\t\t\t\t<\/li><\/ul><\/li><li id=\"field_2_3\"  data-js-reload=\"field_2_3\"><label class='gfield_label gform-field-label' for='input_2_3'>Votre message*<\/label><textarea name='input_3' id='input_2_3' class='textarea medium' tabindex='114'   placeholder='Questions \/ commentaires' aria-required=\"true\" aria-invalid=\"false\"   rows='10' cols='50'><\/textarea><\/li><li id=\"field_2_11\"  data-js-reload=\"field_2_11\"><label class='gfield_label gform-field-label'>Abonnez-vous afin de recevoir nos offres et mises \u00e0 jour*<\/label><ul class='gfield_radio' id='input_2_11'>\r\n\t\t\t<li class='gchoice gchoice_2_11_0'>\r\n\t\t\t\t<input name='input_11' type='radio' value='Oui, avec plaisir!'  id='choice_2_11_0' tabindex='115'   \/>\r\n\t\t\t\t<label for='choice_2_11_0' id='label_2_11_0' class='gform-field-label gform-field-label--type-inline'>Oui, avec plaisir!<\/label>\r\n\t\t\t<\/li>\r\n\t\t\t<li class='gchoice gchoice_2_11_1'>\r\n\t\t\t\t<input name='input_11' type='radio' value='Non merci.'  id='choice_2_11_1' tabindex='116'   \/>\r\n\t\t\t\t<label for='choice_2_11_1' id='label_2_11_1' class='gform-field-label gform-field-label--type-inline'>Non merci.<\/label>\r\n\t\t\t<\/li><\/ul><\/li><li id=\"field_2_16\"  data-js-reload=\"field_2_16\"><label class='gfield_label gform-field-label' for='input_2_16'>Phone<\/label>Ce champ n&rsquo;est utilis\u00e9 qu&rsquo;\u00e0 des fins de validation et devrait rester inchang\u00e9.<input name='input_16' id='input_2_16' type='text' value='' autocomplete='new-password'\/><\/li><\/ul>\r\n         <input type='submit' id='gform_submit_button_2' class='gform_button button' onclick='gform.submission.handleButtonClick(this);' value='Envoi' tabindex='117' \/> \r\n            <input type='hidden' class='gform_hidden' name='gform_submission_method' data-js='gform_submission_method_2' value='postback' \/>\r\n            <input type='hidden' class='gform_hidden' name='gform_theme' data-js='gform_theme_2' id='gform_theme_2' value='legacy' \/>\r\n            <input type='hidden' class='gform_hidden' name='gform_style_settings' data-js='gform_style_settings_2' id='gform_style_settings_2' value='[]' \/>\r\n            <input type='hidden' class='gform_hidden' name='is_submit_2' value='1' \/>\r\n            <input type='hidden' class='gform_hidden' name='gform_submit' value='2' \/>\r\n            <input type='hidden' class='gform_hidden' name='gform_unique_id' value='' \/>\r\n            <input type='hidden' class='gform_hidden' name='state_2' value='WyJbXSIsImMwNjIzMjAzNGE4ZWUzZTJjOTFhZDIyOWUxYmI3YzYwIl0=' \/>\r\n            <input type='hidden' autocomplete='off' class='gform_hidden' name='gform_target_page_number_2' id='gform_target_page_number_2' value='0' \/>\r\n            <input type='hidden' autocomplete='off' class='gform_hidden' name='gform_source_page_number_2' id='gform_source_page_number_2' value='1' \/>\r\n            <input type='hidden' name='gform_field_values' value='' \/>\r\n                        <label>&#916;<textarea name=\"ak_hp_textarea\" cols=\"45\" rows=\"8\" maxlength=\"100\"><\/textarea><\/label><input type=\"hidden\" id=\"ak_js_1\" name=\"ak_js\" value=\"139\"\/><\/form>\r\n<h2>\r\n\t\tNiveaux de difficult\u00e9\r\n\t<\/h2>\r\n\t\t\t\t<div class=\"accordion shortcode-faq\">\n\t\t\t\t\t\t\t\t\t<h3 class=\"faq-question accordion-toggle\">Difficile: 7 jours ou plus en canot, portages difficiles<\/h3>\n\t\t\t\t\t<div class=\"faq-answer accordion-content\"><ul>\n<li>7 jours ou plus de canot, 8 \u00e0 10 portages faciles \u00e0 difficiles<\/li>\n<li>6 nuits ou plus \u00e0 diff\u00e9rents sites de camping<\/li>\n<li>Convient aux niveaux de forme physique bon \u00e0 excellent<\/li>\n<li>Convient aux canoteurs, canoteuses, campeurs et campeuses interm\u00e9diaires ou avanc\u00e9s<\/li>\n<li>Parfait pour les aventuriers passionn\u00e9s, les familles avec adolescents, les couples et les petits groupes<\/li>\n<\/ul>\n<\/div>\n\t\t\t\t\t\t\t\t\t<h3 class=\"faq-question accordion-toggle\">Exigeant: 5 \u00e0 7 jours de canot, portages mod\u00e9r\u00e9s<\/h3>\n\t\t\t\t\t<div class=\"faq-answer accordion-content\"><ul>\n<li>5 \u00e0 7 jours de canot, 2 \u00e0 7 portages faciles \u00e0 mod\u00e9r\u00e9s<\/li>\n<li>4 \u00e0 6 nuits en camping \u00e0 diff\u00e9rents sites<\/li>\n<li>Ajout possible de nuits au camp de base<\/li>\n<li>Convient aux niveaux de condition physique interm\u00e9diaire \u00e0 bon<\/li>\n<li>Convient aux amateurs et amatrices de canot et de camping aux niveaux d\u2019habilet\u00e9s interm\u00e9diaire ou avanc\u00e9.<\/li>\n<li>Parfait pour les aventuriers passionn\u00e9s, les familles avec adolescents, les couples et les petits groupes<\/li>\n<\/ul>\n<\/div>\n\t\t\t\t\t\t\t\t\t<h3 class=\"faq-question accordion-toggle\">Classique: 2 \u00e0 4 jours de canot, portages faciles<\/h3>\n\t\t\t\t\t<div class=\"faq-answer accordion-content\"><ul>\n<li>2 \u00e0 4 jours de canot, 1 \u00e0 2 portages faciles<\/li>\n<li>1 \u00e0 3 nuits ou plus, sites de camping faciles d\u2019acc\u00e8s<\/li>\n<li>Ajout possible de nuits suppl\u00e9mentaires au camp de base<\/li>\n<li>Convient \u00e0 la plupart des niveaux de forme physique<\/li>\n<li>Convient \u00e0 tous les niveaux d\u2019habilet\u00e9s en canot: d\u00e9butant (aucune exp\u00e9rience requise) \u00e0 avanc\u00e9<\/li>\n<li>Parfait pour les familles avec de jeunes enfants, groupes multig\u00e9n\u00e9rationnels et nouveaux adeptes du canot<\/li>\n<\/ul>\n<\/div>\n\t\t\t\t\t\t\t\t\t<h3 class=\"faq-question accordion-toggle\">Facile: escapades d\u2019une journ\u00e9e en canot.<\/h3>\n\t\t\t\t\t<div class=\"faq-answer accordion-content\"><ul>\n<li>Excursion d\u2019une journ\u00e9e \u00e0 partir du lodge\/chalet<\/li>\n<li>Convient \u00e0 tous les niveaux de forme physique<\/li>\n<li>Convient \u00e0 tous les niveaux d\u2019habilet\u00e9s en canot (aucune exp\u00e9rience requise)<\/li>\n<\/ul>\n<\/div>\n\t\t\t\t\t\t\t<\/div>\n\t\t\t\r\n\t<p><em>Tous les itin\u00e9raires peuvent \u00eatre modifi\u00e9s selon vos besoins. Vous ne connaissez pas votre niveau? <a href=\"https:\/\/staging.vwp.ca\/fr\/contact\/\">Contactez-nous<\/a>, il nous fera plaisir de vous aider!<\/em><\/p>\r\n\t\t\t\t<img decoding=\"async\" src=\"https:\/\/staging.vwp.ca\/wp-content\/uploads\/2020\/12\/Voyageur-Wilderness-Programme-Metis-blue-symbol.jpg\" alt=\"Voyageur Wilderness Programme Metis Blue Symbol\" itemprop=\"image\" height=\"274\" width=\"800\" title=\"Voyageur Wilderness Programme Metis Blue Symbol\" onerror=\"this.style.display='none'\"  \/>\r\n\t\t\t\t<img decoding=\"async\" src=\"https:\/\/staging.vwp.ca\/wp-content\/uploads\/2020\/12\/Voyageur-Wilderness-Programme-WTTC-TIAO-SafeTravels-2.jpg\" alt=\"Voyageur Wilderness Programme WTTC TIAO SafeTravels 2\" itemprop=\"image\" height=\"686\" width=\"800\" title=\"Voyageur Wilderness Programme WTTC TIAO SafeTravels 2\" onerror=\"this.style.display='none'\"  \/>\r\n\t\t\t\t<img decoding=\"async\" src=\"https:\/\/staging.vwp.ca\/wp-content\/uploads\/2021\/01\/IEO-Logo-Black.png\" alt=\"IEO Logo Black\" itemprop=\"image\" height=\"117\" width=\"278\" title=\"IEO Logo Black\" onerror=\"this.style.display='none'\"  \/>\r\n\t\t\t\t<img decoding=\"async\" src=\"https:\/\/staging.vwp.ca\/wp-content\/uploads\/2021\/02\/logo-welcome-bonjour-colour-cmyk.png\" alt=\"Logo Welcome Bonjour Colour Cmyk\" itemprop=\"image\" height=\"870\" width=\"1500\" title=\"Logo Welcome Bonjour Colour Cmyk\" onerror=\"this.style.display='none'\"  \/>","protected":false},"excerpt":{"rendered":"","protected":false},"author":7,"featured_media":33637,"parent":0,"menu_order":0,"comment_status":"closed","ping_status":"closed","template":"","meta":{"_acf_changed":false,"_seopress_robots_primary_cat":"","_seopress_titles_title":"Escapades en canot et \u00e9quipement dans l\u2019arri\u00e8re pays de Quetico","_seopress_titles_desc":"Depuis plus de 60 ans, Voyageur Wilderness offre des services de location partielle ou compl\u00e8te d\u2019\u00e9quipement, de m\u00eame que d\u2019authentiques aventures, \u00e0 partir du Voyageur Island lodge situ\u00e9 sur le lac Nym.","_seopress_robots_index":"","_relevanssi_hide_post":"","_relevanssi_hide_content":"","_relevanssi_pin_for_all":"","_relevanssi_pin_keywords":"","_relevanssi_unpin_keywords":"","_relevanssi_related_keywords":"","_relevanssi_related_include_ids":"","_relevanssi_related_exclude_ids":"","_relevanssi_related_no_append":"","_relevanssi_related_not_related":"","_relevanssi_related_posts":"","_relevanssi_noindex_reason":"","_monsterinsights_skip_tracking":false,"_monsterinsights_sitenote_active":false,"_monsterinsights_sitenote_note":"","_monsterinsights_sitenote_category":0,"footnotes":""},"class_list":["post-34138","page","type-page","status-publish","has-post-thumbnail","hentry"],"acf":[],"_links":{"self":[{"href":"https:\/\/staging.vwp.ca\/fr\/wp-json\/wp\/v2\/pages\/34138","targetHints":{"allow":["GET"]}}],"collection":[{"href":"https:\/\/staging.vwp.ca\/fr\/wp-json\/wp\/v2\/pages"}],"about":[{"href":"https:\/\/staging.vwp.ca\/fr\/wp-json\/wp\/v2\/types\/page"}],"author":[{"embeddable":true,"href":"https:\/\/staging.vwp.ca\/fr\/wp-json\/wp\/v2\/users\/7"}],"replies":[{"embeddable":true,"href":"https:\/\/staging.vwp.ca\/fr\/wp-json\/wp\/v2\/comments?post=34138"}],"version-history":[{"count":7,"href":"https:\/\/staging.vwp.ca\/fr\/wp-json\/wp\/v2\/pages\/34138\/revisions"}],"predecessor-version":[{"id":35491,"href":"https:\/\/staging.vwp.ca\/fr\/wp-json\/wp\/v2\/pages\/34138\/revisions\/35491"}],"wp:featuredmedia":[{"embeddable":true,"href":"https:\/\/staging.vwp.ca\/fr\/wp-json\/wp\/v2\/media\/33637"}],"wp:attachment":[{"href":"https:\/\/staging.vwp.ca\/fr\/wp-json\/wp\/v2\/media?parent=34138"}],"curies":[{"name":"wp","href":"https:\/\/api.w.org\/{rel}","templated":true}]}}