{"id":34040,"date":"2018-02-16T11:45:03","date_gmt":"2018-02-16T16:45:03","guid":{"rendered":"https:\/\/vwp.ca\/home-voyageur-wilderness\/"},"modified":"2025-03-11T10:20:04","modified_gmt":"2025-03-11T14:20:04","slug":"home-voyageur-wilderness","status":"publish","type":"page","link":"https:\/\/staging.vwp.ca\/fr\/","title":{"rendered":"Home | Voyageur Wilderness"},"content":{"rendered":"\n\t\t\t<a href=\"https:\/\/www.youtube.com\/watch?v=rDopzzCsBMw\" role=\"button\">\n\t\t\t\t\t\t\tD\u00e9couvrez notre histoire\n\t\t\t<\/a>\n<h2>\n\t\tBienvenue Taanishi Welcome<br \/> Venez vivre une exp\u00e9rience authentique de la culture canadienne du canot \n\t<\/h2>\n\t<p>Voyageur Wilderness vous propose de faciliter votre exploration du parc provincial Quetico. Nos s\u00e9jours de canot-camping ou en h\u00e9bergement dans notre lodge ont \u00e9t\u00e9 con\u00e7us dans le respect de la terre, de la famille et de notre communaut\u00e9.<\/p>\n<p>Le Voyageur Island Lodge, blotti au c\u0153ur d&rsquo;une \u00eele <a href=\"https:\/\/staging.vwp.ca\/fr\/contact\/\">isol\u00e9e de cinq acres<\/a>, est le point de d\u00e9part de toutes nos aventures. Profitez du confort rustique, de l&rsquo;hospitalit\u00e9 et des traditions M\u00e9tis et canadiennes-fran\u00e7aises offertes par la famille Savoie.<\/p>\n\t\t\t<a href=\"https:\/\/staging.vwp.ca\/fr\/canoe-adventures\/\" target=\"_self\">\n\t\t\t\t\t\t\tAventures en canot\n\t\t\t\t\t<\/a>\n\t\t\t<a href=\"https:\/\/staging.vwp.ca\/fr\/outfitting\/\" target=\"_self\">\n\t\t\t\t\t\t\t\u00c9quipement\n\t\t\t\t\t<\/a>\n\t\t\t<a href=\"https:\/\/staging.vwp.ca\/fr\/lodge-getaways\/\" target=\"_self\">\n\t\t\t\t\t\t\tH\u00e9bergement\n\t\t\t\t\t<\/a>\n\t\t\t<a href=\"https:\/\/staging.vwp.ca\/fr\/tours-and-programs\/\" target=\"_self\">\n\t\t\t\t\t\t\tGroupes (Tours et programmes)\n\t\t\t\t\t<\/a>\n\t\t\t\t<img decoding=\"async\" src=\"https:\/\/staging.vwp.ca\/wp-content\/uploads\/2020\/12\/UPDATED-MAP-01.svg\" alt=\"UPDATED MAP 01\" itemprop=\"image\" title=\"UPDATED MAP 01\" onerror=\"this.style.display='none'\"  \/>\n\t\t\t\t<img decoding=\"async\" src=\"https:\/\/staging.vwp.ca\/wp-content\/uploads\/2020\/10\/Graphic_Canoe_White.png\" alt=\"Graphic Canoe White\" itemprop=\"image\" height=\"340\" width=\"926\" title=\"Graphic Canoe White\" onerror=\"this.style.display='none'\"  \/>\n<h2>\n\t\tAventures en canot\n\t<\/h2>\n\t<p>Le parc provincial Quetico est une destination de canotage de renomm\u00e9e internationale. Le Voyageur Island Lodge est le camp de base id\u00e9al pour d\u00e9buter votre exploration de ce territoire sauvage magnifiquement pr\u00e9serv\u00e9.<\/p>\n<p>Depuis plus de 65 ans, nous sommes sp\u00e9cialis\u00e9s en planification et \u00e9quipement exp\u00e9ditions de canot-camping dans l&rsquo;arri\u00e8re-pays de Quetico. Passionn\u00e9s de voyages \u00e9thiques en nature sauvage, nous offrons un service personnalis\u00e9 exceptionnel. R\u00e9servez votre s\u00e9jour d\u00e8s maintenant!<\/p>\n\t\t\t<a href=\"https:\/\/staging.vwp.ca\/fr\/canoe-adventures\/\" target=\"_self\">\n\t\t\t\t\t\t\tForfaits &#038; s\u00e9jours\n\t\t\t<\/a>\n\t\t\t<a href=\"https:\/\/staging.vwp.ca\/fr\/outfitting\/\" target=\"_self\">\n\t\t\t\t\t\t\tLocation d&rsquo;\u00e9quipement\n\t\t\t<\/a>\n<h2>\n\t\tEscapades culturelles et en nature\n\t<\/h2>\n\t<p>\u00c9vadez-vous du bruit. Reconnectez-vous \u00e0 la nature et aux autres.<\/p>\n<p>Au Voyageur Island Lodge vous pourrez profiter d&rsquo;un accueil chaleureux dans un d\u00e9cor isol\u00e9, d&rsquo;une authentique atmosph\u00e8re Voyageur et d&rsquo;activit\u00e9s ext\u00e9rieures amusantes dans une nature sauvage spectaculaire.<\/p>\n\t\t\t<a href=\"https:\/\/staging.vwp.ca\/fr\/lodge-getaways\/\" target=\"_self\">\n\t\t\t\t\t\t\tContactez-nous pour plus de d\u00e9tails\n\t\t\t<\/a>\n<h2>\n\t\tExp\u00e9rience Voyageur authentique<br \/> pour les groupes\n\t<\/h2>\n\t<p>Voyageur Wilderness se sp\u00e9cialise dans les programmes pour les groupes de toutes sortes depuis plus de 65 ans. Nous facilitons la planification et l&rsquo;organisation de votre exp\u00e9dition en nous adaptant aux besoins et budget de votre groupe.<\/p>\n\t\t\t<a href=\"https:\/\/staging.vwp.ca\/fr\/tours-and-programs\/\" target=\"_self\">\n\t\t\t\t\t\t\tContactez-nous pour plus de d\u00e9tails\n\t\t\t<\/a>\n<h2>\n\t\tNotre histoire et notre patrimoine\n\t<\/h2>\n\t<p>Voyageur Wilderness est une entreprise familiale \u00e9tablie depuis plus de 65 ans. Nous adorons partager la culture et les traditions associ\u00e9es \u00e0 la culture du canot \u00e0 Qu\u00e9tico. \u00c0 travers notre passion, nous souhaitons encourager la reconnexion au monde naturel, aux autres ainsi qu&rsquo;\u00e0 soi-m\u00eame.<\/p>\n\t\t\t<a href=\"https:\/\/staging.vwp.ca\/fr\/our-story\/\" target=\"_self\">\n\t\t\t\t\t\t\tContactez-nous pour plus de d\u00e9tails\n\t\t\t<\/a>\n<h2>\n\t\tRejoignez notre famille\n\t<\/h2>\n\t<p>Nous vous tiendrons inform\u00e9s des plus r\u00e9cents forfaits, conseils de voyage et des belles histoires \u00e0 propos de Voyageur Wilderness.<\/p>\n                <form method='post' enctype='multipart\/form-data'  id='gform_1'  action='\/fr\/?fl_builder#gf_1' data-formid='1' novalidate>\n                        <ul id='gform_fields_1' class='gform_fields top_label form_sublabel_below description_above validation_below'><li id=\"field_1_1\"  data-js-reload=\"field_1_1\"><label class='gfield_label gform-field-label' for='input_1_1'>Pr\u00e9nom*<\/label><input name='input_1' id='input_1_1' type='text' value='' class='large'   tabindex='1000' placeholder='Pr\u00e9nom' aria-required=\"true\" aria-invalid=\"false\"   \/><\/li><li id=\"field_1_2\"  data-js-reload=\"field_1_2\"><label class='gfield_label gform-field-label' for='input_1_2'>Courriel*<\/label>\n                            <input name='input_2' id='input_1_2' type='email' value='' class='large' tabindex='1001'  placeholder='Courriel' aria-required=\"true\" aria-invalid=\"false\"  \/>\n                        <\/li><li id=\"field_1_3\"  data-js-reload=\"field_1_3\"><label class='gfield_label gform-field-label gfield_label_before_complex'>Abonnez-vous \u00e0 l&rsquo;infolettre*<\/label><ul class='gfield_checkbox' id='input_1_3'><li class='gchoice gchoice_1_3_1'>\n\t\t\t\t\t\t\t\t<input class='gfield-choice-input' name='input_3.1' type='checkbox'  value='Oui, je consens \u00e0 recevoir des courriels marketing de Voyageur Wilderness'  id='choice_1_3_1' tabindex='1002'  \/>\n\t\t\t\t\t\t\t\t<label for='choice_1_3_1' id='label_1_3_1' class='gform-field-label gform-field-label--type-inline'>Oui, je consens \u00e0 recevoir des courriels marketing de Voyageur Wilderness<\/label>\n\t\t\t\t\t\t\t<\/li><\/ul><\/li><li id=\"field_1_4\"  data-js-reload=\"field_1_4\"><label class='gfield_label gform-field-label' for='input_1_4'>Email<\/label>Ce champ n&rsquo;est utilis\u00e9 qu&rsquo;\u00e0 des fins de validation et devrait rester inchang\u00e9.<input name='input_4' id='input_1_4' type='text' value='' autocomplete='new-password'\/><\/li><\/ul>\n         <input type='submit' id='gform_submit_button_1' class='gform_button button' onclick='gform.submission.handleButtonClick(this);' value='Abonnez-vous \u00e0 l'infolettre' tabindex='1003' \/> \n            <input type='hidden' class='gform_hidden' name='gform_submission_method' data-js='gform_submission_method_1' value='postback' \/>\n            <input type='hidden' class='gform_hidden' name='gform_theme' data-js='gform_theme_1' id='gform_theme_1' value='legacy' \/>\n            <input type='hidden' class='gform_hidden' name='gform_style_settings' data-js='gform_style_settings_1' id='gform_style_settings_1' value='[]' \/>\n            <input type='hidden' class='gform_hidden' name='is_submit_1' value='1' \/>\n            <input type='hidden' class='gform_hidden' name='gform_submit' value='1' \/>\n            <input type='hidden' class='gform_hidden' name='gform_unique_id' value='' \/>\n            <input type='hidden' class='gform_hidden' name='state_1' value='WyJbXSIsImMwNjIzMjAzNGE4ZWUzZTJjOTFhZDIyOWUxYmI3YzYwIl0=' \/>\n            <input type='hidden' autocomplete='off' class='gform_hidden' name='gform_target_page_number_1' id='gform_target_page_number_1' value='0' \/>\n            <input type='hidden' autocomplete='off' class='gform_hidden' name='gform_source_page_number_1' id='gform_source_page_number_1' value='1' \/>\n            <input type='hidden' name='gform_field_values' value='' \/>\n                        <label>&#916;<textarea name=\"ak_hp_textarea\" cols=\"45\" rows=\"8\" maxlength=\"100\"><\/textarea><\/label><input type=\"hidden\" id=\"ak_js_1\" name=\"ak_js\" value=\"209\"\/><\/form>\n\t\t\t\t<img decoding=\"async\" src=\"https:\/\/staging.vwp.ca\/wp-content\/uploads\/2021\/02\/Graphic-Element_Pine-White.png\" alt=\"Graphic Element Pine White\" itemprop=\"image\" height=\"535\" width=\"591\" title=\"Graphic Element Pine White\" onerror=\"this.style.display='none'\"  \/>\n\t\t\t\t<img decoding=\"async\" src=\"https:\/\/staging.vwp.ca\/wp-content\/uploads\/2020\/12\/Voyageur-Wilderness-Programme-Metis-blue-symbol.jpg\" alt=\"Voyageur Wilderness Programme Metis Blue Symbol\" itemprop=\"image\" height=\"274\" width=\"800\" title=\"Voyageur Wilderness Programme Metis Blue Symbol\" onerror=\"this.style.display='none'\"  \/>\n\t\t\t\t<img decoding=\"async\" src=\"https:\/\/staging.vwp.ca\/wp-content\/uploads\/2020\/12\/Voyageur-Wilderness-Programme-WTTC-TIAO-SafeTravels-2.jpg\" alt=\"Voyageur Wilderness Programme WTTC TIAO SafeTravels 2\" itemprop=\"image\" height=\"686\" width=\"800\" title=\"Voyageur Wilderness Programme WTTC TIAO SafeTravels 2\" onerror=\"this.style.display='none'\"  \/>\n\t\t\t\t<img decoding=\"async\" src=\"https:\/\/staging.vwp.ca\/wp-content\/uploads\/2021\/01\/IEO-Logo-Black.png\" alt=\"IEO Logo Black\" itemprop=\"image\" height=\"117\" width=\"278\" title=\"IEO Logo Black\" onerror=\"this.style.display='none'\"  \/>\n\t\t\t\t<img decoding=\"async\" src=\"https:\/\/staging.vwp.ca\/wp-content\/uploads\/2021\/02\/logo-welcome-bonjour-colour-cmyk.png\" alt=\"Logo Welcome Bonjour Colour Cmyk\" itemprop=\"image\" height=\"870\" width=\"1500\" title=\"Logo Welcome Bonjour Colour Cmyk\" onerror=\"this.style.display='none'\"  \/>","protected":false},"excerpt":{"rendered":"<p>D\u00e9couvrez notre histoire Bienvenue Taanishi Welcome Venez vivre une exp\u00e9rience authentique de la culture canadienne du canot Voyageur Wilderness vous propose de faciliter votre exploration du parc provincial Quetico. Nos s\u00e9jours de canot-camping ou en h\u00e9bergement dans notre lodge ont \u00e9t\u00e9 con\u00e7us dans le respect de la terre, de la famille et de notre communaut\u00e9.&hellip;<\/p>\n","protected":false},"author":7,"featured_media":33637,"parent":0,"menu_order":0,"comment_status":"closed","ping_status":"closed","template":"","meta":{"_acf_changed":false,"_seopress_robots_primary_cat":"","_seopress_titles_title":"Cr\u00e9ez votre aventure \u00e0 Quetico | Voyageur Wilderness","_seopress_titles_desc":"Voyageur Wilderness vous propose de faciliter votre exploration du parc provincial Quetico. Nos s\u00e9jours de canot-camping ou en h\u00e9bergement dans notre lodge ont \u00e9t\u00e9 con\u00e7us dans le respect de la terre, de la famille et de notre communaut\u00e9.","_seopress_robots_index":"","_relevanssi_hide_post":"","_relevanssi_hide_content":"","_relevanssi_pin_for_all":"","_relevanssi_pin_keywords":"","_relevanssi_unpin_keywords":"","_relevanssi_related_keywords":"","_relevanssi_related_include_ids":"","_relevanssi_related_exclude_ids":"","_relevanssi_related_no_append":"","_relevanssi_related_not_related":"","_relevanssi_related_posts":"","_relevanssi_noindex_reason":"","_monsterinsights_skip_tracking":false,"_monsterinsights_sitenote_active":false,"_monsterinsights_sitenote_note":"","_monsterinsights_sitenote_category":0,"footnotes":""},"class_list":["post-34040","page","type-page","status-publish","has-post-thumbnail","hentry"],"acf":[],"_links":{"self":[{"href":"https:\/\/staging.vwp.ca\/fr\/wp-json\/wp\/v2\/pages\/34040","targetHints":{"allow":["GET"]}}],"collection":[{"href":"https:\/\/staging.vwp.ca\/fr\/wp-json\/wp\/v2\/pages"}],"about":[{"href":"https:\/\/staging.vwp.ca\/fr\/wp-json\/wp\/v2\/types\/page"}],"author":[{"embeddable":true,"href":"https:\/\/staging.vwp.ca\/fr\/wp-json\/wp\/v2\/users\/7"}],"replies":[{"embeddable":true,"href":"https:\/\/staging.vwp.ca\/fr\/wp-json\/wp\/v2\/comments?post=34040"}],"version-history":[{"count":7,"href":"https:\/\/staging.vwp.ca\/fr\/wp-json\/wp\/v2\/pages\/34040\/revisions"}],"predecessor-version":[{"id":35501,"href":"https:\/\/staging.vwp.ca\/fr\/wp-json\/wp\/v2\/pages\/34040\/revisions\/35501"}],"wp:featuredmedia":[{"embeddable":true,"href":"https:\/\/staging.vwp.ca\/fr\/wp-json\/wp\/v2\/media\/33637"}],"wp:attachment":[{"href":"https:\/\/staging.vwp.ca\/fr\/wp-json\/wp\/v2\/media?parent=34040"}],"curies":[{"name":"wp","href":"https:\/\/api.w.org\/{rel}","templated":true}]}}